{"id":10813,"date":"2026-03-12T12:21:52","date_gmt":"2026-03-12T15:21:52","guid":{"rendered":"https:\/\/cbmri.org.br\/2026\/?page_id=10813"},"modified":"2026-04-06T15:44:02","modified_gmt":"2026-04-06T18:44:02","slug":"datas-importantes","status":"publish","type":"page","link":"https:\/\/cbmri.org.br\/2026\/datas-importantes\/","title":{"rendered":"Datas Importantes"},"content":{"rendered":"\t\t<div data-elementor-type=\"wp-page\" data-elementor-id=\"10813\" class=\"elementor elementor-10813\">\n\t\t\t\t\t\t<section data-wpr-sticky-section=\"yes\" data-wpr-position-type=\"sticky\" data-wpr-position-offset=\"0\" data-wpr-position-location=\"top\" data-wpr-sticky-devices=\"desktop_sticky\" data-wpr-custom-breakpoints=\"default\" data-wpr-active-breakpoints=\"mobile_sticky tablet_sticky desktop_sticky\" data-wpr-z-index=\"50\" data-wpr-sticky-hide=\"\" data-wpr-replace-header=\"\" data-wpr-animation-duration=\"\" data-wpr-sticky-type=\"sticky\" class=\"elementor-section elementor-top-section elementor-element elementor-element-987384a wpr-sticky-section-yes elementor-section-boxed elementor-section-height-default elementor-section-height-default wpr-particle-no wpr-jarallax-no wpr-parallax-no\" data-id=\"987384a\" data-element_type=\"section\" data-e-type=\"section\" data-settings=\"{&quot;background_background&quot;:&quot;classic&quot;,&quot;position_offset&quot;:0,&quot;position_offset_tablet&quot;:0,&quot;position_offset_mobile&quot;:0}\">\n\t\t\t\t\t\t<div class=\"elementor-container elementor-column-gap-default\">\n\t\t\t\t\t<div class=\"elementor-column elementor-col-33 elementor-top-column elementor-element elementor-element-95adbdf\" data-id=\"95adbdf\" data-element_type=\"column\" data-e-type=\"column\">\n\t\t\t<div class=\"elementor-widget-wrap elementor-element-populated\">\n\t\t\t\t\t\t<div class=\"elementor-element elementor-element-a462215 elementor-widget-tablet__width-initial wpr-logo-position-center elementor-widget elementor-widget-wpr-logo\" data-id=\"a462215\" data-element_type=\"widget\" data-e-type=\"widget\" data-settings=\"{&quot;ekit_we_effect_on&quot;:&quot;none&quot;}\" data-widget_type=\"wpr-logo.default\">\n\t\t\t\t<div class=\"elementor-widget-container\">\n\t\t\t\t\t\t\t\t\n\t\t\t<div class=\"wpr-logo elementor-clearfix\">\n\n\t\t\t\t\t\t\t\t<picture class=\"wpr-logo-image\">\n\t\t\t\t\t\n\t\t\t\t\t\t\t\t\t\t<source srcset=\"https:\/\/cbmri.org.br\/2026\/wp-content\/uploads\/2025\/10\/CBMRI_LOGO_2026.png 1x, https:\/\/cbmri.org.br\/2026\/wp-content\/uploads\/2025\/10\/CBMRI_LOGO_2026.png 2x\">\t\n\t\t\t\t\t\t\t\t\t\t\n\t\t\t\t\t<img decoding=\"async\" src=\"https:\/\/cbmri.org.br\/2026\/wp-content\/uploads\/2025\/10\/CBMRI_LOGO_2026.png\" alt=\"\">\n\n\t\t\t\t\t\t\t\t\t\t\t<a class=\"wpr-logo-url\" rel=\"home\" aria-label=\"\" href=\"https:\/\/cbmri.org.br\/2026\/\"><\/a>\n\t\t\t\t\t\t\t\t\t<\/picture>\n\t\t\t\t\n\t\t\t\t\n\t\t\t\t\t\t\t\t\t<a class=\"wpr-logo-url\" rel=\"home\" aria-label=\"\" href=\"https:\/\/cbmri.org.br\/2026\/\"><\/a>\n\t\t\t\t\n\t\t\t<\/div>\n\t\t\t\t\n\t\t\t\t\t\t<\/div>\n\t\t\t\t<\/div>\n\t\t\t\t\t<\/div>\n\t\t<\/div>\n\t\t\t\t<div class=\"elementor-column elementor-col-33 elementor-top-column elementor-element elementor-element-5c6d796\" data-id=\"5c6d796\" data-element_type=\"column\" data-e-type=\"column\">\n\t\t\t<div class=\"elementor-widget-wrap elementor-element-populated\">\n\t\t\t\t\t\t<div class=\"elementor-element elementor-element-7954c57 wpr-main-menu-align-center wpr-main-menu-align--tabletcenter wpr-main-menu-align--mobilecenter wpr-mobile-toggle-v2 elementor-widget__width-initial wpr-pointer-underline wpr-pointer-line-fx wpr-pointer-fx-fade wpr-sub-icon-caret-down wpr-sub-menu-fx-fade wpr-nav-menu-bp-tablet wpr-mobile-menu-display-dropdown wpr-mobile-menu-full-width wpr-sub-divider-yes elementor-widget elementor-widget-wpr-mega-menu\" data-id=\"7954c57\" data-element_type=\"widget\" data-e-type=\"widget\" data-settings=\"{&quot;menu_layout&quot;:&quot;horizontal&quot;,&quot;ekit_we_effect_on&quot;:&quot;none&quot;}\" data-widget_type=\"wpr-mega-menu.default\">\n\t\t\t\t<div class=\"elementor-widget-container\">\n\t\t\t\t\t<nav class=\"wpr-nav-menu-container wpr-mega-menu-container wpr-nav-menu-horizontal\" data-trigger=\"hover\"><ul id=\"menu-1-7954c57\" class=\"wpr-nav-menu wpr-mega-menu\"><li class=\"menu-item menu-item-type-custom menu-item-object-custom menu-item-home menu-item-10389\"><a href=\"https:\/\/cbmri.org.br\/2026\/\" class=\"wpr-menu-item wpr-pointer-item\"><span>In\u00edcio<\/span><\/a><\/li>\n<li class=\"menu-item menu-item-type-post_type menu-item-object-page menu-item-10821\"><a href=\"https:\/\/cbmri.org.br\/2026\/datas-importantes\/\" class=\"wpr-menu-item wpr-pointer-item\"><span>Datas<\/span><\/a><\/li>\n<li class=\"menu-item menu-item-type-post_type menu-item-object-page menu-item-10822\"><a href=\"https:\/\/cbmri.org.br\/2026\/inscricao\/\" class=\"wpr-menu-item wpr-pointer-item\"><span>Inscri\u00e7\u00e3o<\/span><\/a><\/li>\n<li class=\"menu-item menu-item-type-post_type menu-item-object-page menu-item-10429\"><a href=\"https:\/\/cbmri.org.br\/2026\/programa\/\" class=\"wpr-menu-item wpr-pointer-item\"><span>Programa<\/span><\/a><\/li>\n<li class=\"menu-item menu-item-type-post_type menu-item-object-page menu-item-10430\"><a href=\"https:\/\/cbmri.org.br\/2026\/patrocinio-2022\/\" class=\"wpr-menu-item wpr-pointer-item\"><span>Patroc\u00ednio<\/span><\/a><\/li>\n<li class=\"menu-item menu-item-type-post_type menu-item-object-page menu-item-11371\"><a href=\"https:\/\/cbmri.org.br\/2026\/comissao-organizadora\/\" class=\"wpr-menu-item wpr-pointer-item\"><span>Comiss\u00e3o Organizadora<\/span><\/a><\/li>\n<li class=\"menu-item menu-item-type-post_type menu-item-object-page menu-item-10856\"><a href=\"https:\/\/cbmri.org.br\/2026\/contato\/\" class=\"wpr-menu-item wpr-pointer-item\"><span>Contato<\/span><\/a><\/li>\n<\/ul><\/nav><nav class=\"wpr-mobile-nav-menu-container\"><div class=\"wpr-mobile-toggle-wrap\"><div class=\"wpr-mobile-toggle\"><span class=\"wpr-mobile-toggle-line\"><\/span><span class=\"wpr-mobile-toggle-line\"><\/span><span class=\"wpr-mobile-toggle-line\"><\/span><\/div><\/div><div class=\"wpr-mobile-mega-menu-wrap \" toggle-backface=\"\"><ul id=\"mobile-menu-2-7954c57\" class=\"wpr-mobile-nav-menu wpr-mobile-mega-menu\"><li class=\"menu-item menu-item-type-custom menu-item-object-custom menu-item-home menu-item-10389\"><a href=\"https:\/\/cbmri.org.br\/2026\/\" class=\"wpr-mobile-menu-item\">In\u00edcio<\/a><\/li>\n<li class=\"menu-item menu-item-type-post_type menu-item-object-page menu-item-10821\"><a href=\"https:\/\/cbmri.org.br\/2026\/datas-importantes\/\" class=\"wpr-mobile-menu-item\">Datas<\/a><\/li>\n<li class=\"menu-item menu-item-type-post_type menu-item-object-page menu-item-10822\"><a href=\"https:\/\/cbmri.org.br\/2026\/inscricao\/\" class=\"wpr-mobile-menu-item\">Inscri\u00e7\u00e3o<\/a><\/li>\n<li class=\"menu-item menu-item-type-post_type menu-item-object-page menu-item-10429\"><a href=\"https:\/\/cbmri.org.br\/2026\/programa\/\" class=\"wpr-mobile-menu-item\">Programa<\/a><\/li>\n<li class=\"menu-item menu-item-type-post_type menu-item-object-page menu-item-10430\"><a href=\"https:\/\/cbmri.org.br\/2026\/patrocinio-2022\/\" class=\"wpr-mobile-menu-item\">Patroc\u00ednio<\/a><\/li>\n<li class=\"menu-item menu-item-type-post_type menu-item-object-page menu-item-11371\"><a href=\"https:\/\/cbmri.org.br\/2026\/comissao-organizadora\/\" class=\"wpr-mobile-menu-item\">Comiss\u00e3o Organizadora<\/a><\/li>\n<li class=\"menu-item menu-item-type-post_type menu-item-object-page menu-item-10856\"><a href=\"https:\/\/cbmri.org.br\/2026\/contato\/\" class=\"wpr-mobile-menu-item\">Contato<\/a><\/li>\n<\/ul><\/div><\/nav>\t\t\t\t<\/div>\n\t\t\t\t<\/div>\n\t\t\t\t\t<\/div>\n\t\t<\/div>\n\t\t\t\t<div class=\"elementor-column elementor-col-33 elementor-top-column elementor-element elementor-element-c6224f4 elementor-hidden-mobile\" data-id=\"c6224f4\" data-element_type=\"column\" data-e-type=\"column\">\n\t\t\t<div class=\"elementor-widget-wrap elementor-element-populated\">\n\t\t\t\t\t\t<div class=\"elementor-element elementor-element-c1c7212 elementor-widget-tablet__width-initial wpr-button-icon-style-inline wpr-button-icon-position-right elementor-widget elementor-widget-wpr-button\" data-id=\"c1c7212\" data-element_type=\"widget\" data-e-type=\"widget\" data-settings=\"{&quot;ekit_we_effect_on&quot;:&quot;none&quot;}\" data-widget_type=\"wpr-button.default\">\n\t\t\t\t<div class=\"elementor-widget-container\">\n\t\t\t\t\t\t\n\t\t\t\n\t\t\n\t\t<div class=\"wpr-button-wrap elementor-clearfix\">\n\t\t<a class=\"wpr-button wpr-button-effect wpr-button-none\" data-text=\"\" href=\"https:\/\/cbmri.org.br\/2026\/submissao-de-trabalhos\/\">\n\t\t\t\n\t\t\t<span class=\"wpr-button-content\">\n\t\t\t\t\t\t\t\t\t<span class=\"wpr-button-text\">Submiss\u00e3o de Trabalhos<\/span>\n\t\t\t\t\t\t\t\t\n\t\t\t\t\t\t\t\t\t<span class=\"wpr-button-icon\"><i class=\"far fa-arrow-alt-circle-right\"><\/i><\/span>\n\t\t\t\t\t\t\t<\/span>\n\t\t<\/a>\n\n\t\t\t\t<\/div>\n\t\n\t\n\t\t\t\t\t<\/div>\n\t\t\t\t<\/div>\n\t\t\t\t\t<\/div>\n\t\t<\/div>\n\t\t\t\t\t<\/div>\n\t\t<\/section>\n\t\t\t\t<section class=\"elementor-section elementor-top-section elementor-element elementor-element-7e96da9 elementor-section-height-min-height elementor-section-boxed elementor-section-height-default elementor-section-items-middle wpr-particle-no wpr-jarallax-no wpr-parallax-no\" data-id=\"7e96da9\" data-element_type=\"section\" data-e-type=\"section\" data-settings=\"{&quot;ekit_section_parallax_multi_items&quot;:[{&quot;_id&quot;:&quot;a51c7df&quot;,&quot;image&quot;:null,&quot;pos_x&quot;:{&quot;unit&quot;:&quot;%&quot;,&quot;size&quot;:0,&quot;sizes&quot;:[]},&quot;pos_y&quot;:{&quot;unit&quot;:&quot;%&quot;,&quot;size&quot;:0,&quot;sizes&quot;:[]},&quot;animation&quot;:&quot;ekit-fade&quot;,&quot;animation_iteration_count&quot;:&quot;unset&quot;,&quot;parallax_style&quot;:&quot;animation&quot;,&quot;shape&quot;:null,&quot;width_type&quot;:&quot;&quot;,&quot;animation_tablet&quot;:&quot;&quot;,&quot;animation_mobile&quot;:&quot;&quot;,&quot;item_opacity&quot;:&quot;1&quot;,&quot;animation_speed&quot;:&quot;5&quot;,&quot;parallax_speed&quot;:null,&quot;parallax_transform&quot;:null,&quot;parallax_transform_value&quot;:null,&quot;smoothness&quot;:null,&quot;offsettop&quot;:null,&quot;offsetbottom&quot;:null,&quot;maxtilt&quot;:null,&quot;scale&quot;:null,&quot;disableaxis&quot;:null}],&quot;background_background&quot;:&quot;classic&quot;,&quot;ekit_section_parallax_multi&quot;:&quot;yes&quot;}\">\n\t\t\t\t\t\t\t<div class=\"elementor-background-overlay\"><\/div>\n\t\t\t\t\t\t\t<div class=\"elementor-container elementor-column-gap-no\">\n\t\t\t\t\t<div class=\"elementor-column elementor-col-100 elementor-top-column elementor-element elementor-element-8e84e4a\" data-id=\"8e84e4a\" data-element_type=\"column\" data-e-type=\"column\">\n\t\t\t<div class=\"elementor-widget-wrap elementor-element-populated\">\n\t\t\t\t\t\t<section class=\"elementor-section elementor-inner-section elementor-element elementor-element-1a8b60e animated-slow elementor-section-boxed elementor-section-height-default elementor-section-height-default wpr-particle-no wpr-jarallax-no wpr-parallax-no wpr-sticky-section-no elementor-invisible\" data-id=\"1a8b60e\" data-element_type=\"section\" data-e-type=\"section\" data-settings=\"{&quot;animation&quot;:&quot;fadeInUp&quot;,&quot;animation_mobile&quot;:&quot;none&quot;}\">\n\t\t\t\t\t\t<div class=\"elementor-container elementor-column-gap-default\">\n\t\t\t\t\t<div class=\"elementor-column elementor-col-100 elementor-inner-column elementor-element elementor-element-66d7074\" data-id=\"66d7074\" data-element_type=\"column\" data-e-type=\"column\">\n\t\t\t<div class=\"elementor-widget-wrap elementor-element-populated\">\n\t\t\t\t\t\t<div class=\"elementor-element elementor-element-e0b19a2 elementor-widget elementor-widget-heading\" data-id=\"e0b19a2\" data-element_type=\"widget\" data-e-type=\"widget\" data-settings=\"{&quot;ekit_we_effect_on&quot;:&quot;none&quot;}\" data-widget_type=\"heading.default\">\n\t\t\t\t<div class=\"elementor-widget-container\">\n\t\t\t\t\t<h2 class=\"elementor-heading-title elementor-size-default\">Datas Importantes<\/h2>\t\t\t\t<\/div>\n\t\t\t\t<\/div>\n\t\t\t\t\t<\/div>\n\t\t<\/div>\n\t\t\t\t\t<\/div>\n\t\t<\/section>\n\t\t\t\t\t<\/div>\n\t\t<\/div>\n\t\t\t\t\t<\/div>\n\t\t<\/section>\n\t\t\t\t<section class=\"elementor-section elementor-top-section elementor-element elementor-element-3525f0c elementor-section-boxed elementor-section-height-default elementor-section-height-default wpr-particle-no wpr-jarallax-no wpr-parallax-no wpr-sticky-section-no\" data-id=\"3525f0c\" data-element_type=\"section\" data-e-type=\"section\">\n\t\t\t\t\t\t<div class=\"elementor-container elementor-column-gap-default\">\n\t\t\t\t\t<div class=\"elementor-column elementor-col-100 elementor-top-column elementor-element elementor-element-448cb5d\" data-id=\"448cb5d\" data-element_type=\"column\" data-e-type=\"column\">\n\t\t\t<div class=\"elementor-widget-wrap\">\n\t\t\t\t\t\t\t<\/div>\n\t\t<\/div>\n\t\t\t\t\t<\/div>\n\t\t<\/section>\n\t\t\t\t<section class=\"elementor-section elementor-top-section elementor-element elementor-element-7da2972 elementor-section-boxed elementor-section-height-default elementor-section-height-default wpr-particle-no wpr-jarallax-no wpr-parallax-no wpr-sticky-section-no\" data-id=\"7da2972\" data-element_type=\"section\" data-e-type=\"section\">\n\t\t\t\t\t\t<div class=\"elementor-container elementor-column-gap-default\">\n\t\t\t\t\t<div class=\"elementor-column elementor-col-100 elementor-top-column elementor-element elementor-element-46e6f6e\" data-id=\"46e6f6e\" data-element_type=\"column\" data-e-type=\"column\">\n\t\t\t<div class=\"elementor-widget-wrap elementor-element-populated\">\n\t\t\t\t\t\t<div class=\"elementor-element elementor-element-f402df3 elementor-widget elementor-widget-text-editor\" data-id=\"f402df3\" data-element_type=\"widget\" data-e-type=\"widget\" data-settings=\"{&quot;ekit_we_effect_on&quot;:&quot;none&quot;}\" data-widget_type=\"text-editor.default\">\n\t\t\t\t<div class=\"elementor-widget-container\">\n\t\t\t\t\t\t\t\t\t<div style=\"width: 100%; max-width: 900px; margin: 20px auto; overflow-x: auto; font-family: -apple-system, BlinkMacSystemFont, 'Segoe UI', Roboto, Helvetica, Arial, sans-serif;\">\n<table style=\"width: 100%; border-collapse: collapse; background-color: #ffffff; table-layout: fixed;\">\n<thead>\n<tr style=\"background-color: #004691; border: 1px solid #c9c9c9;\">\n<th style=\"padding: 12px 15px; text-align: left; color: #ffffff; text-transform: uppercase; font-size: 13px; font-weight: bold; width: 30%; border-top-left-radius: 4px;\">DATA<\/th>\n<th style=\"padding: 12px 15px; text-align: left; color: #ffffff; text-transform: uppercase; font-size: 13px; font-weight: bold; border-top-right-radius: 4px;\">ITEM \/ EVENTO<\/th>\n<\/tr>\n<\/thead>\n<tbody>\n<tr style=\"border: 1px solid #c9c9c9;\">\n<td style=\"padding: 10px 15px; color: #004691; font-weight: bold; font-size: 14px;\">23\/03\/2026<\/td>\n<td style=\"padding: 10px 15px; color: #555555; font-size: 14px;\">Abertura das Inscri\u00e7\u00f5es e Submiss\u00f5es de Artigos<\/td>\n<\/tr>\n<tr style=\"border: 1px solid #c9c9c9;\">\n<td style=\"padding: 10px 15px; color: #004691; font-weight: bold; font-size: 14px;\">30\/06\/2026<\/td>\n<td style=\"padding: 10px 15px; color: #555555; font-size: 14px;\">Data limite para submiss\u00f5es de Artigos<\/td>\n<\/tr>\n<tr style=\"border: 1px solid #c9c9c9;\">\n<td style=\"padding: 10px 15px; color: #004691; font-weight: bold; font-size: 14px;\">03\/08\/2026<\/td>\n<td style=\"padding: 10px 15px; color: #555555; font-size: 14px;\">Resultado da 1\u00aa Avalia\u00e7\u00e3o dos Artigos<\/td>\n<\/tr>\n<tr style=\"border: 1px solid #c9c9c9;\">\n<td style=\"padding: 10px 15px; color: #004691; font-weight: bold; font-size: 14px;\">17\/08\/2026<\/td>\n<td style=\"padding: 10px 15px; color: #555555; font-size: 14px;\">Corre\u00e7\u00e3o dos Trabalhos pelo Autor<\/td>\n<\/tr>\n<tr style=\"border: 1px solid #c9c9c9;\">\n<td style=\"padding: 10px 15px; color: #004691; font-weight: bold; font-size: 14px;\">31\/08\/2026<\/td>\n<td style=\"padding: 10px 15px; color: #555555; font-size: 14px;\">Resultado Final da Avalia\u00e7\u00e3o dos Artigos<\/td>\n<\/tr>\n<tr style=\"border: 1px solid #c9c9c9;\">\n<td style=\"padding: 10px 15px; color: #004691; font-weight: bold; font-size: 14px;\">31\/08\/2026<\/td>\n<td style=\"padding: 10px 15px; color: #555555; font-size: 14px;\">Divulga\u00e7\u00e3o do programa final<\/td>\n<\/tr>\n<tr style=\"border: 1px solid #c9c9c9;\">\n<td style=\"padding: 10px 15px; color: #004691; font-weight: bold; font-size: 14px;\">01\/09\/2026<\/td>\n<td style=\"padding: 10px 15px; color: #555555; font-size: 14px;\">Data Limite para pagamento <span style=\"color: #0088cc; font-weight: bold;\">(1\u00ba LOTE)<\/span><\/td>\n<\/tr>\n<tr style=\"border: 1px solid #c9c9c9;\">\n<td style=\"padding: 10px 15px; color: #004691; font-weight: bold; font-size: 14px;\">01\/09\/2026<\/td>\n<td style=\"padding: 10px 15px; color: #555555; font-size: 14px;\">Envio de v\u00eddeos (Patrocinadores) e virada do 2\u00b0 lote<\/td>\n<\/tr>\n<tr style=\"border: 1px solid #c9c9c9; background-color: #f1f6f9;\">\n<td style=\"padding: 12px 15px; color: #004691; font-weight: bold; font-size: 14px; border-bottom-left-radius: 4px;\">17, 18 e 19\/11\/2026<\/td>\n<td style=\"padding: 12px 15px; color: #004691; font-weight: bold; font-size: 14px; border-bottom-right-radius: 4px;\">REALIZA\u00c7\u00c3O DO CBMRI 2026<\/td>\n<\/tr>\n<\/tbody>\n<\/table>\n<\/div>\t\t\t\t\t\t\t\t<\/div>\n\t\t\t\t<\/div>\n\t\t\t\t\t<\/div>\n\t\t<\/div>\n\t\t\t\t\t<\/div>\n\t\t<\/section>\n\t\t\t\t<section class=\"elementor-section elementor-top-section elementor-element elementor-element-c8e2d14 elementor-section-boxed elementor-section-height-default elementor-section-height-default wpr-particle-no wpr-jarallax-no wpr-parallax-no wpr-sticky-section-no\" data-id=\"c8e2d14\" data-element_type=\"section\" data-e-type=\"section\" data-settings=\"{&quot;background_background&quot;:&quot;classic&quot;}\">\n\t\t\t\t\t\t\t<div class=\"elementor-background-overlay\"><\/div>\n\t\t\t\t\t\t\t<div class=\"elementor-container elementor-column-gap-no\">\n\t\t\t\t\t<div class=\"elementor-column elementor-col-100 elementor-top-column elementor-element elementor-element-9e56f17\" data-id=\"9e56f17\" data-element_type=\"column\" data-e-type=\"column\">\n\t\t\t<div class=\"elementor-widget-wrap elementor-element-populated\">\n\t\t\t\t\t\t<div class=\"elementor-element elementor-element-77748ee elementor-widget elementor-widget-text-editor\" data-id=\"77748ee\" data-element_type=\"widget\" data-e-type=\"widget\" data-settings=\"{&quot;ekit_we_effect_on&quot;:&quot;none&quot;}\" data-widget_type=\"text-editor.default\">\n\t\t\t\t<div class=\"elementor-widget-container\">\n\t\t\t\t\t\t\t\t\t<p><img decoding=\"async\" class=\"wp-image-10404 aligncenter\" src=\"https:\/\/cbmri.org.br\/2026\/wp-content\/uploads\/2025\/10\/CBMRI_LOGO_2026-300x214.png\" alt=\"\" width=\"137\" height=\"98\" srcset=\"https:\/\/cbmri.org.br\/2026\/wp-content\/uploads\/2025\/10\/CBMRI_LOGO_2026-300x214.png 300w, https:\/\/cbmri.org.br\/2026\/wp-content\/uploads\/2025\/10\/CBMRI_LOGO_2026-1024x731.png 1024w, https:\/\/cbmri.org.br\/2026\/wp-content\/uploads\/2025\/10\/CBMRI_LOGO_2026-768x548.png 768w, https:\/\/cbmri.org.br\/2026\/wp-content\/uploads\/2025\/10\/CBMRI_LOGO_2026-350x250.png 350w, https:\/\/cbmri.org.br\/2026\/wp-content\/uploads\/2025\/10\/CBMRI_LOGO_2026.png 1090w\" sizes=\"(max-width: 137px) 100vw, 137px\" \/><\/p>\t\t\t\t\t\t\t\t<\/div>\n\t\t\t\t<\/div>\n\t\t\t\t<div class=\"elementor-element elementor-element-22f07e0 xs_footer_link elementor-widget elementor-widget-text-editor\" data-id=\"22f07e0\" data-element_type=\"widget\" data-e-type=\"widget\" data-settings=\"{&quot;ekit_we_effect_on&quot;:&quot;none&quot;}\" data-widget_type=\"text-editor.default\">\n\t\t\t\t<div class=\"elementor-widget-container\">\n\t\t\t\t\t\t\t\t\t<p>\u00a9 2026 CBMRI Todos os direitos reservados.<\/p>\t\t\t\t\t\t\t\t<\/div>\n\t\t\t\t<\/div>\n\t\t\t\t\t<\/div>\n\t\t<\/div>\n\t\t\t\t\t<\/div>\n\t\t<\/section>\n\t\t\t\t<\/div>\n\t\t\n    <div class=\"xs_social_share_widget xs_share_url after_content \t\tmain_content  wslu-style-1 wslu-share-box-shaped wslu-fill-colored wslu-none wslu-share-horizontal wslu-theme-font-no wslu-main_content\">\n\n\t\t\n        <ul>\n\t\t\t        <\/ul>\n    <\/div> \n","protected":false},"excerpt":{"rendered":"<p>In\u00edcio Datas Importantes Inscri\u00e7\u00e3o Programa Patroc\u00ednio Contato In\u00edcio Datas Importantes Inscri\u00e7\u00e3o Programa Patroc\u00ednio Contato Submiss\u00e3o de Trabalhos Datas Importantes DATA ITEM \/ EVENTO 23\/03\/2026 Abertura das Inscri\u00e7\u00f5es e Submiss\u00f5es de Artigos 30\/06\/2026 Data limite para submiss\u00f5es de Artigos 03\/08\/2026 Resultado da 1\u00aa Avalia\u00e7\u00e3o dos Artigos 17\/08\/2026 Corre\u00e7\u00e3o dos Trabalhos pelo Autor 31\/08\/2026 Resultado Final da Avalia\u00e7\u00e3o dos Artigos 31\/08\/2026 Divulga\u00e7\u00e3o do programa final 01\/09\/2026 Data Limite para pagamento (1\u00ba LOTE) 01\/09\/2026 Envio de v\u00eddeos (Patrocinadores) e virada do 2\u00b0 lote 17, 18 e 19\/11\/2026 REALIZA\u00c7\u00c3O DO CBMRI 2026 \u00a9 2026 CBMRI Todos os direitos reservados.<\/p>\n","protected":false},"author":1,"featured_media":0,"parent":0,"menu_order":0,"comment_status":"closed","ping_status":"closed","template":"","meta":{"_eb_attr":"","_monsterinsights_skip_tracking":false,"_monsterinsights_sitenote_active":false,"_monsterinsights_sitenote_note":"","_monsterinsights_sitenote_category":0,"_joinchat":[],"footnotes":""},"class_list":["post-10813","page","type-page","status-publish","hentry"],"acf":[],"aioseo_notices":[],"_links":{"self":[{"href":"https:\/\/cbmri.org.br\/2026\/wp-json\/wp\/v2\/pages\/10813","targetHints":{"allow":["GET"]}}],"collection":[{"href":"https:\/\/cbmri.org.br\/2026\/wp-json\/wp\/v2\/pages"}],"about":[{"href":"https:\/\/cbmri.org.br\/2026\/wp-json\/wp\/v2\/types\/page"}],"author":[{"embeddable":true,"href":"https:\/\/cbmri.org.br\/2026\/wp-json\/wp\/v2\/users\/1"}],"replies":[{"embeddable":true,"href":"https:\/\/cbmri.org.br\/2026\/wp-json\/wp\/v2\/comments?post=10813"}],"version-history":[{"count":13,"href":"https:\/\/cbmri.org.br\/2026\/wp-json\/wp\/v2\/pages\/10813\/revisions"}],"predecessor-version":[{"id":11330,"href":"https:\/\/cbmri.org.br\/2026\/wp-json\/wp\/v2\/pages\/10813\/revisions\/11330"}],"wp:attachment":[{"href":"https:\/\/cbmri.org.br\/2026\/wp-json\/wp\/v2\/media?parent=10813"}],"curies":[{"name":"wp","href":"https:\/\/api.w.org\/{rel}","templated":true}]}}